{"id":8920,"date":"2022-07-01T00:47:48","date_gmt":"2022-06-30T21:47:48","guid":{"rendered":"https:\/\/akillibulut.net\/?page_id=8920"},"modified":"2023-10-06T06:00:01","modified_gmt":"2023-10-06T03:00:01","slug":"404-2","status":"publish","type":"page","link":"https:\/\/akillibulut.net\/tr\/404-2\/","title":{"rendered":"404"},"content":{"rendered":"<div data-elementor-type=\"wp-page\" data-elementor-id=\"8920\" class=\"elementor elementor-8920\">\n\t\t\t\t\t\t<div class=\"elementor-inner\">\n\t\t\t\t<div class=\"elementor-section-wrap\">\n\t\t\t\t\t\t\t\t\t<section class=\"elementor-section elementor-top-section elementor-element elementor-element-b7ae492 elementor-section-content-middle elementor-section-boxed elementor-section-height-default elementor-section-height-default\" data-id=\"b7ae492\" data-element_type=\"section\" data-settings=\"{&quot;_ha_eqh_enable&quot;:false}\">\n\t\t\t\t\t\t<div class=\"elementor-container elementor-column-gap-extended\">\n\t\t\t\t\t\t\t<div class=\"elementor-row\">\n\t\t\t\t\t<div class=\"elementor-column elementor-col-100 elementor-top-column elementor-element elementor-element-72ce4c8\" data-id=\"72ce4c8\" data-element_type=\"column\">\n\t\t\t<div class=\"elementor-column-wrap elementor-element-populated\">\n\t\t\t\t\t\t\t<div class=\"elementor-widget-wrap\">\n\t\t\t\t\t\t<div class=\"elementor-element elementor-element-af5780d elementor-align-center elementor-widget elementor-widget-lottie\" data-id=\"af5780d\" data-element_type=\"widget\" data-settings=\"{&quot;source_json&quot;:{&quot;url&quot;:&quot;https:\\\/\\\/akillibulut.net\\\/wp-content\\\/uploads\\\/2022\\\/10\\\/404-lottie.json&quot;,&quot;id&quot;:10149,&quot;size&quot;:&quot;&quot;,&quot;alt&quot;:&quot;&quot;,&quot;source&quot;:&quot;library&quot;},&quot;source&quot;:&quot;media_file&quot;,&quot;caption_source&quot;:&quot;none&quot;,&quot;link_to&quot;:&quot;none&quot;,&quot;trigger&quot;:&quot;arriving_to_viewport&quot;,&quot;viewport&quot;:{&quot;unit&quot;:&quot;%&quot;,&quot;size&quot;:&quot;&quot;,&quot;sizes&quot;:{&quot;start&quot;:0,&quot;end&quot;:100}},&quot;play_speed&quot;:{&quot;unit&quot;:&quot;px&quot;,&quot;size&quot;:1,&quot;sizes&quot;:[]},&quot;start_point&quot;:{&quot;unit&quot;:&quot;%&quot;,&quot;size&quot;:&quot;0&quot;,&quot;sizes&quot;:[]},&quot;end_point&quot;:{&quot;unit&quot;:&quot;%&quot;,&quot;size&quot;:&quot;100&quot;,&quot;sizes&quot;:[]},&quot;renderer&quot;:&quot;svg&quot;}\" data-widget_type=\"lottie.default\">\n\t\t\t\t<div class=\"elementor-widget-container\">\n\t\t\t<div class=\"e-lottie__container\"><div class=\"e-lottie__animation\"><\/div><\/div>\t\t<\/div>\n\t\t\t\t<\/div>\n\t\t\t\t<div class=\"elementor-element elementor-element-13ee9f9 elementor-widget elementor-widget-heading\" data-id=\"13ee9f9\" data-element_type=\"widget\" data-widget_type=\"heading.default\">\n\t\t\t\t<div class=\"elementor-widget-container\">\n\t\t\t<h2 class=\"elementor-heading-title elementor-size-default\">Sayfa Bulunamad\u0131<\/h2>\t\t<\/div>\n\t\t\t\t<\/div>\n\t\t\t\t<div class=\"elementor-element elementor-element-ab95cc2 elementor-widget elementor-widget-text-editor\" data-id=\"ab95cc2\" data-element_type=\"widget\" data-widget_type=\"text-editor.default\">\n\t\t\t\t<div class=\"elementor-widget-container\">\n\t\t\t\t\t\t\t\t<div class=\"elementor-text-editor elementor-clearfix\">\n\t\t\t\t<p>Arad\u0131\u011f\u0131n\u0131z sayfa ta\u015f\u0131nm\u0131\u015f, adresi de\u011fi\u015fmi\u015f veya hi\u00e7 var olmam\u0131\u015f olabilir.<\/p>\t\t\t\t\t<\/div>\n\t\t\t\t\t\t<\/div>\n\t\t\t\t<\/div>\n\t\t\t\t\t\t<\/div>\n\t\t\t\t\t<\/div>\n\t\t<\/div>\n\t\t\t\t\t\t\t\t<\/div>\n\t\t\t\t\t<\/div>\n\t\t<\/section>\n\t\t\t\t\t\t\t\t\t<\/div>\n\t\t\t<\/div>\n\t\t\t\t\t<\/div>","protected":false},"excerpt":{"rendered":"<p>Sayfa Bulunamad\u0131 Arad\u0131\u011f\u0131n\u0131z sayfa ta\u015f\u0131nm\u0131\u015f, adresi de\u011fi\u015fmi\u015f veya hi\u00e7 var olmam\u0131\u015f olabilir. Anasayfaya git<\/p>","protected":false},"author":1,"featured_media":0,"parent":0,"menu_order":0,"comment_status":"closed","ping_status":"closed","template":"elementor_header_footer","meta":{"footnotes":""},"class_list":["post-8920","page","type-page","status-publish","hentry"],"_links":{"self":[{"href":"https:\/\/akillibulut.net\/tr\/wp-json\/wp\/v2\/pages\/8920","targetHints":{"allow":["GET"]}}],"collection":[{"href":"https:\/\/akillibulut.net\/tr\/wp-json\/wp\/v2\/pages"}],"about":[{"href":"https:\/\/akillibulut.net\/tr\/wp-json\/wp\/v2\/types\/page"}],"author":[{"embeddable":true,"href":"https:\/\/akillibulut.net\/tr\/wp-json\/wp\/v2\/users\/1"}],"replies":[{"embeddable":true,"href":"https:\/\/akillibulut.net\/tr\/wp-json\/wp\/v2\/comments?post=8920"}],"version-history":[{"count":14,"href":"https:\/\/akillibulut.net\/tr\/wp-json\/wp\/v2\/pages\/8920\/revisions"}],"predecessor-version":[{"id":10600,"href":"https:\/\/akillibulut.net\/tr\/wp-json\/wp\/v2\/pages\/8920\/revisions\/10600"}],"wp:attachment":[{"href":"https:\/\/akillibulut.net\/tr\/wp-json\/wp\/v2\/media?parent=8920"}],"curies":[{"name":"wp","href":"https:\/\/api.w.org\/{rel}","templated":true}]}}