{"id":10000,"date":"2022-08-02T20:39:11","date_gmt":"2022-08-02T17:39:11","guid":{"rendered":"https:\/\/akillibulut.net\/?page_id=10000"},"modified":"2023-10-06T06:15:48","modified_gmt":"2023-10-06T03:15:48","slug":"hakkimizda","status":"publish","type":"page","link":"https:\/\/akillibulut.net\/tr\/hakkimizda\/","title":{"rendered":"Hakk\u0131m\u0131zda"},"content":{"rendered":"<div data-elementor-type=\"wp-page\" data-elementor-id=\"10000\" class=\"elementor elementor-10000\">\n\t\t\t\t\t\t<div class=\"elementor-inner\">\n\t\t\t\t<div class=\"elementor-section-wrap\">\n\t\t\t\t\t\t\t\t\t<section class=\"elementor-section elementor-top-section elementor-element elementor-element-b7842c6 elementor-section-boxed elementor-section-height-default elementor-section-height-default\" data-id=\"b7842c6\" data-element_type=\"section\" data-settings=\"{&quot;_ha_eqh_enable&quot;:false}\">\n\t\t\t\t\t\t<div class=\"elementor-container elementor-column-gap-default\">\n\t\t\t\t\t\t\t<div class=\"elementor-row\">\n\t\t\t\t\t<div class=\"elementor-column elementor-col-100 elementor-top-column elementor-element elementor-element-2bd29de\" data-id=\"2bd29de\" data-element_type=\"column\">\n\t\t\t<div class=\"elementor-column-wrap elementor-element-populated\">\n\t\t\t\t\t\t\t<div class=\"elementor-widget-wrap\">\n\t\t\t\t\t\t<div class=\"elementor-element elementor-element-0d5e3db elementor-widget elementor-widget-heading\" data-id=\"0d5e3db\" data-element_type=\"widget\" data-widget_type=\"heading.default\">\n\t\t\t\t<div class=\"elementor-widget-container\">\n\t\t\t<h1 class=\"elementor-heading-title elementor-size-default\">Hakk\u0131m\u0131zda<\/h1>\t\t<\/div>\n\t\t\t\t<\/div>\n\t\t\t\t<div class=\"elementor-element elementor-element-c1dc379 elementor-widget elementor-widget-stratum-banner\" data-id=\"c1dc379\" data-element_type=\"widget\" data-widget_type=\"stratum-banner.default\">\n\t\t\t\t<div class=\"elementor-widget-container\">\n\t\t\t<figure class=\"stratum-banner stratum-effect-aries has-text-animation-none\">\r\n        <a href=\"#\" class=\"stratum-banner__link\"\r\n\t\t           >\r\n\t\t            <div class=\"stratum-banner__wrapper\">\r\n\t\t\t\t                    <img decoding=\"async\" src=\"\" class=\"stratum-banner__image wp-image-6640\" srcset=\"https:\/\/akillibulut.net\/wp-content\/uploads\/2021\/05\/service-list-3-300x226.jpg 300w, https:\/\/akillibulut.net\/wp-content\/uploads\/2021\/05\/service-list-3.jpg 715w\"\/>\r\n\t\t\t\t\t            <div class=\"stratum-banner__overlay\"><\/div>\r\n                <figcaption class=\"stratum-banner__content\">\r\n\t\t\t\t\t<div class=\"stratum-banner__content-wrapper\">\r\n\t\t\t\t\t\t<div class=\"stratum-banner__content-container\">\r\n\t\t\t\t\t\t\t<h5 class=\"stratum-banner__title\">AKILLI BULUT CLOUD SOLUTIONS<\/h5>\r\n\t\t\t\t\t\t\t<div class=\"stratum-banner__text\">AKILLI BULUT is providing artificial intelligence based cloud management on leading cloud technologies with open source software<\/div>\r\n\t\t\t\t\t\t<\/div>\r\n                    <\/div>\r\n                <\/figcaption>\r\n            <\/div>\r\n\t\t    <\/a>\r\n<\/figure>\r\n\t\t<\/div>\n\t\t\t\t<\/div>\n\t\t\t\t<div class=\"elementor-element elementor-element-7769c08 about-text elementor-widget elementor-widget-text-editor\" data-id=\"7769c08\" data-element_type=\"widget\" data-widget_type=\"text-editor.default\">\n\t\t\t\t<div class=\"elementor-widget-container\">\n\t\t\t\t\t\t\t\t<div class=\"elementor-text-editor elementor-clearfix\">\n\t\t\t\t<p><i class=\"fa fa-angle-right\"><\/i>\u00dcnvan:\u00a0<b>AKILLI BULUT YAZILIM ELEKTRON\u0130K ARA\u015eTIRMA VE GEL\u0130\u015eT\u0130RME \u0130THALAT \u0130HRACAT T\u0130CARET ANON\u0130M \u015e\u0130RKET\u0130<\/b><\/p><p><i class=\"fa fa-angle-right\"><\/i>Adres: RE\u015e\u0130TPA\u015eA MAH KATAR CAD. \u0130T\u00dc ARI Teknokent 3 B\u0130NASI NO:4 B204 SARIYER \u0130STANBUL<\/p><p><i class=\"fa fa-angle-right\"><\/i>Telefon: + 90 212 706 66 06<\/p><p><i class=\"fa fa-angle-right\"><\/i>ePosta: destek@akillibulut.net<\/p><p><i class=\"fa fa-angle-right\"><\/i> Vergi No: 0250989474<\/p><p><i class=\"fa fa-angle-right\"><\/i> Vergi Dairesi: SARIYER<\/p><p><i class=\"fa fa-angle-right\"><\/i>Ticaret Sicil No: 337777-5<\/p><p><i class=\"fa fa-angle-right\"><\/i> Sorumlu Ki\u015fi: Mehmet Aydo\u011fdu<\/p>\t\t\t\t\t<\/div>\n\t\t\t\t\t\t<\/div>\n\t\t\t\t<\/div>\n\t\t\t\t\t\t<\/div>\n\t\t\t\t\t<\/div>\n\t\t<\/div>\n\t\t\t\t\t\t\t\t<\/div>\n\t\t\t\t\t<\/div>\n\t\t<\/section>\n\t\t\t\t\t\t\t\t\t<\/div>\n\t\t\t<\/div>\n\t\t\t\t\t<\/div>","protected":false},"excerpt":{"rendered":"<p>Hakk\u0131m\u0131zda \u00dcnvan:\u00a0AKILLI BULUT YAZILIM ELEKTRON\u0130K ARA\u015eTIRMA VE GEL\u0130\u015eT\u0130RME \u0130THALAT \u0130HRACAT T\u0130CARET ANON\u0130M \u015e\u0130RKET\u0130 Adres: RE\u015e\u0130TPA\u015eA MAH KATAR CAD. \u0130T\u00dc ARI Teknokent 3 B\u0130NASI NO:4 B204 SARIYER \u0130STANBUL Telefon: + 90 212 706 66 06 ePosta: destek@akillibulut.net Vergi No: 0250989474 Vergi Dairesi: SARIYER Ticaret Sicil No: 337777-5 Sorumlu Ki\u015fi: Mehmet Aydo\u011fdu<\/p>","protected":false},"author":1,"featured_media":0,"parent":0,"menu_order":0,"comment_status":"closed","ping_status":"closed","template":"elementor_header_footer","meta":{"footnotes":""},"class_list":["post-10000","page","type-page","status-publish","hentry"],"_links":{"self":[{"href":"https:\/\/akillibulut.net\/tr\/wp-json\/wp\/v2\/pages\/10000","targetHints":{"allow":["GET"]}}],"collection":[{"href":"https:\/\/akillibulut.net\/tr\/wp-json\/wp\/v2\/pages"}],"about":[{"href":"https:\/\/akillibulut.net\/tr\/wp-json\/wp\/v2\/types\/page"}],"author":[{"embeddable":true,"href":"https:\/\/akillibulut.net\/tr\/wp-json\/wp\/v2\/users\/1"}],"replies":[{"embeddable":true,"href":"https:\/\/akillibulut.net\/tr\/wp-json\/wp\/v2\/comments?post=10000"}],"version-history":[{"count":44,"href":"https:\/\/akillibulut.net\/tr\/wp-json\/wp\/v2\/pages\/10000\/revisions"}],"predecessor-version":[{"id":10610,"href":"https:\/\/akillibulut.net\/tr\/wp-json\/wp\/v2\/pages\/10000\/revisions\/10610"}],"wp:attachment":[{"href":"https:\/\/akillibulut.net\/tr\/wp-json\/wp\/v2\/media?parent=10000"}],"curies":[{"name":"wp","href":"https:\/\/api.w.org\/{rel}","templated":true}]}}